{"id":2428,"date":"2023-01-25T10:29:41","date_gmt":"2023-01-25T09:29:41","guid":{"rendered":"https:\/\/elanjardin.fr\/?page_id=2428"},"modified":"2023-06-15T11:44:10","modified_gmt":"2023-06-15T09:44:10","slug":"laccueil-des-salaries-en-parcours","status":"publish","type":"page","link":"https:\/\/elanjardin.fr\/index.php\/laccueil-des-salaries-en-parcours\/","title":{"rendered":"L&rsquo;accueil des salari\u00e9s en parcours"},"content":{"rendered":"\t\t<div data-elementor-type=\"wp-page\" data-elementor-id=\"2428\" class=\"elementor elementor-2428\" data-elementor-post-type=\"page\">\n\t\t\t\t\t\t<section class=\"elementor-section elementor-top-section elementor-element elementor-element-3590fdb elementor-section-height-min-height elementor-section-stretched elementor-section-boxed elementor-section-height-default elementor-section-items-middle\" data-id=\"3590fdb\" data-element_type=\"section\" data-settings=\"{&quot;stretch_section&quot;:&quot;section-stretched&quot;,&quot;background_background&quot;:&quot;classic&quot;,&quot;shape_divider_bottom&quot;:&quot;mountains&quot;}\">\n\t\t\t\t\t\t\t<div class=\"elementor-background-overlay\"><\/div>\n\t\t\t\t\t\t<div class=\"elementor-shape elementor-shape-bottom\" aria-hidden=\"true\" data-negative=\"false\">\n\t\t\t<svg xmlns=\"http:\/\/www.w3.org\/2000\/svg\" viewBox=\"0 0 1000 100\" preserveAspectRatio=\"none\">\n\t<path class=\"elementor-shape-fill\" opacity=\"0.33\" d=\"M473,67.3c-203.9,88.3-263.1-34-320.3,0C66,119.1,0,59.7,0,59.7V0h1000v59.7 c0,0-62.1,26.1-94.9,29.3c-32.8,3.3-62.8-12.3-75.8-22.1C806,49.6,745.3,8.7,694.9,4.7S492.4,59,473,67.3z\"\/>\n\t<path class=\"elementor-shape-fill\" opacity=\"0.66\" d=\"M734,67.3c-45.5,0-77.2-23.2-129.1-39.1c-28.6-8.7-150.3-10.1-254,39.1 s-91.7-34.4-149.2,0C115.7,118.3,0,39.8,0,39.8V0h1000v36.5c0,0-28.2-18.5-92.1-18.5C810.2,18.1,775.7,67.3,734,67.3z\"\/>\n\t<path class=\"elementor-shape-fill\" d=\"M766.1,28.9c-200-57.5-266,65.5-395.1,19.5C242,1.8,242,5.4,184.8,20.6C128,35.8,132.3,44.9,89.9,52.5C28.6,63.7,0,0,0,0 h1000c0,0-9.9,40.9-83.6,48.1S829.6,47,766.1,28.9z\"\/>\n<\/svg>\t\t<\/div>\n\t\t\t\t\t<div class=\"elementor-container elementor-column-gap-default\">\n\t\t\t\t\t<div class=\"elementor-column elementor-col-100 elementor-top-column elementor-element elementor-element-03de113\" data-id=\"03de113\" data-element_type=\"column\">\n\t\t\t<div class=\"elementor-widget-wrap elementor-element-populated\">\n\t\t\t\t\t\t<div class=\"elementor-element elementor-element-6f2c149 elementor-widget elementor-widget-heading\" data-id=\"6f2c149\" data-element_type=\"widget\" data-widget_type=\"heading.default\">\n\t\t\t\t<div class=\"elementor-widget-container\">\n\t\t\t\t\t<h2 class=\"elementor-heading-title elementor-size-default\">L'accueil des salari\u00e9s en parcours<\/h2>\t\t\t\t<\/div>\n\t\t\t\t<\/div>\n\t\t\t\t\t<\/div>\n\t\t<\/div>\n\t\t\t\t\t<\/div>\n\t\t<\/section>\n\t\t\t\t<section class=\"elementor-section elementor-top-section elementor-element elementor-element-ea0a397 elementor-section-boxed elementor-section-height-default elementor-section-height-default\" data-id=\"ea0a397\" data-element_type=\"section\">\n\t\t\t\t\t\t<div class=\"elementor-container elementor-column-gap-default\">\n\t\t\t\t\t<div class=\"elementor-column elementor-col-100 elementor-top-column elementor-element elementor-element-7cba8bf\" data-id=\"7cba8bf\" data-element_type=\"column\">\n\t\t\t<div class=\"elementor-widget-wrap elementor-element-populated\">\n\t\t\t\t\t\t<div class=\"elementor-element elementor-element-abb046a elementor-widget-divider--view-line elementor-widget elementor-widget-divider\" data-id=\"abb046a\" data-element_type=\"widget\" data-widget_type=\"divider.default\">\n\t\t\t\t<div class=\"elementor-widget-container\">\n\t\t\t\t\t\t\t<div class=\"elementor-divider\">\n\t\t\t<span class=\"elementor-divider-separator\">\n\t\t\t\t\t\t<\/span>\n\t\t<\/div>\n\t\t\t\t\t\t<\/div>\n\t\t\t\t<\/div>\n\t\t\t\t<div class=\"elementor-element elementor-element-848a5d5 elementor-widget elementor-widget-text-editor\" data-id=\"848a5d5\" data-element_type=\"widget\" data-widget_type=\"text-editor.default\">\n\t\t\t\t<div class=\"elementor-widget-container\">\n\t\t\t\t\t\t\t\t\t<p>Nous accueillons et accompagnons des personnes vers un retour \u00e0 l&#8217;emploi par le biais de contrats de travail et d&rsquo;un accompagnement socio professionnel. Notre \u00e9quipe de professionnels est pr\u00e9sente pour encadrer et accompagner nos salari\u00e9s durant ces parcours.<\/p>\t\t\t\t\t\t\t\t<\/div>\n\t\t\t\t<\/div>\n\t\t\t\t<div class=\"elementor-element elementor-element-2c2d63a elementor-widget-divider--view-line elementor-widget elementor-widget-divider\" data-id=\"2c2d63a\" data-element_type=\"widget\" data-widget_type=\"divider.default\">\n\t\t\t\t<div class=\"elementor-widget-container\">\n\t\t\t\t\t\t\t<div class=\"elementor-divider\">\n\t\t\t<span class=\"elementor-divider-separator\">\n\t\t\t\t\t\t<\/span>\n\t\t<\/div>\n\t\t\t\t\t\t<\/div>\n\t\t\t\t<\/div>\n\t\t\t\t<div class=\"elementor-element elementor-element-890a2a7 elementor-widget elementor-widget-text-editor\" data-id=\"890a2a7\" data-element_type=\"widget\" data-widget_type=\"text-editor.default\">\n\t\t\t\t<div class=\"elementor-widget-container\">\n\t\t\t\t\t\t\t\t\t<p>La mise en situation de travail via le mara\u00eechage ou la transformation, avec des \u00e9valuations r\u00e9alis\u00e9es par nos encadrants techniques tout au long des contrats, permet l&rsquo;acquisition de nouvelles comp\u00e9tences et<span style=\"color: var( --e-global-color-9690613 );\">&nbsp;la reprise de confiance en soi.<\/span><\/p>\n<p><span style=\"color: var( --e-global-color-9690613 );\">Le suivi individualis\u00e9 des personnes pour les guider vers un retour \u00e0 l&#8217;emploi o\u00f9 \u00e0 la formation s&rsquo;effectue avec les accompagnatrices par le biais :<\/span><\/p>\n<p><span style=\"color: var( --e-global-color-9690613 );\">&nbsp;&#8211; D&rsquo;entretiens individuels<\/span><\/p>\n<p><span style=\"color: var( --e-global-color-9690613 );\">&#8211; D&rsquo;ateliers en collectifs<\/span><\/p>\n<p><span style=\"color: var( --e-global-color-9690613 );\">&#8211; De p\u00e9riodes de mise en situation en milieu professionnel<\/span><\/p>\n<p><span style=\"color: var( --e-global-color-9690613 );\">&#8211; De rendez-vous r\u00e9guliers avec les r\u00e9f\u00e9rents des salari\u00e9s<\/span><\/p>\n<p><span style=\"color: var( --e-global-color-9690613 );\">&#8211; De rencontre avec les employeurs<\/span><\/p>\n<p><span style=\"color: var( --e-global-color-9690613 );\">Ces diff\u00e9rentes actions permettent \u00e0 nos salari\u00e9s de b\u00e9n\u00e9ficier d&rsquo;aide pour effectuer des d\u00e9marches personnelles, d&rsquo;\u00e9laborer un projet professionnel et de pr\u00e9parer leurs recherches d&#8217;emploi.<\/span><\/p>\t\t\t\t\t\t\t\t<\/div>\n\t\t\t\t<\/div>\n\t\t\t\t<div class=\"elementor-element elementor-element-a1cbbdb elementor-widget elementor-widget-image\" data-id=\"a1cbbdb\" data-element_type=\"widget\" data-widget_type=\"image.default\">\n\t\t\t\t<div class=\"elementor-widget-container\">\n\t\t\t\t\t\t\t\t\t\t\t\t\t\t\t<img fetchpriority=\"high\" decoding=\"async\" width=\"800\" height=\"533\" src=\"https:\/\/elanjardin.fr\/wp-content\/uploads\/2023\/01\/Salaries-jardin-1.jpg\" class=\"attachment-large size-large wp-image-2420\" alt=\"\" srcset=\"https:\/\/elanjardin.fr\/wp-content\/uploads\/2023\/01\/Salaries-jardin-1.jpg 900w, https:\/\/elanjardin.fr\/wp-content\/uploads\/2023\/01\/Salaries-jardin-1-600x400.jpg 600w, https:\/\/elanjardin.fr\/wp-content\/uploads\/2023\/01\/Salaries-jardin-1-300x200.jpg 300w, https:\/\/elanjardin.fr\/wp-content\/uploads\/2023\/01\/Salaries-jardin-1-768x512.jpg 768w\" sizes=\"(max-width: 800px) 100vw, 800px\" \/>\t\t\t\t\t\t\t\t\t\t\t\t\t\t\t<\/div>\n\t\t\t\t<\/div>\n\t\t\t\t<div class=\"elementor-element elementor-element-c33c22c elementor-widget-divider--view-line elementor-widget elementor-widget-divider\" data-id=\"c33c22c\" data-element_type=\"widget\" data-widget_type=\"divider.default\">\n\t\t\t\t<div class=\"elementor-widget-container\">\n\t\t\t\t\t\t\t<div class=\"elementor-divider\">\n\t\t\t<span class=\"elementor-divider-separator\">\n\t\t\t\t\t\t<\/span>\n\t\t<\/div>\n\t\t\t\t\t\t<\/div>\n\t\t\t\t<\/div>\n\t\t\t\t\t<\/div>\n\t\t<\/div>\n\t\t\t\t\t<\/div>\n\t\t<\/section>\n\t\t\t\t<section class=\"elementor-section elementor-top-section elementor-element elementor-element-eeb096a elementor-section-boxed elementor-section-height-default elementor-section-height-default\" data-id=\"eeb096a\" data-element_type=\"section\">\n\t\t\t\t\t\t<div class=\"elementor-container elementor-column-gap-default\">\n\t\t\t\t\t<div class=\"elementor-column elementor-col-100 elementor-top-column elementor-element elementor-element-17d3075\" data-id=\"17d3075\" data-element_type=\"column\" data-settings=\"{&quot;background_background&quot;:&quot;classic&quot;}\">\n\t\t\t<div class=\"elementor-widget-wrap elementor-element-populated\">\n\t\t\t\t\t\t<div class=\"elementor-element elementor-element-95026ed elementor-widget elementor-widget-heading\" data-id=\"95026ed\" data-element_type=\"widget\" data-widget_type=\"heading.default\">\n\t\t\t\t<div class=\"elementor-widget-container\">\n\t\t\t\t\t<h2 class=\"elementor-heading-title elementor-size-default\">Toutes nos actions sont r\u00e9alis\u00e9es avec le soutien de nos partenaires et de notre r\u00e9seau Coorace<\/h2>\t\t\t\t<\/div>\n\t\t\t\t<\/div>\n\t\t\t\t\t<\/div>\n\t\t<\/div>\n\t\t\t\t\t<\/div>\n\t\t<\/section>\n\t\t\t\t<section class=\"elementor-section elementor-top-section elementor-element elementor-element-b599279 elementor-section-boxed elementor-section-height-default elementor-section-height-default\" data-id=\"b599279\" data-element_type=\"section\">\n\t\t\t\t\t\t<div class=\"elementor-container elementor-column-gap-default\">\n\t\t\t\t\t<div class=\"elementor-column elementor-col-100 elementor-top-column elementor-element elementor-element-83c7cff\" data-id=\"83c7cff\" data-element_type=\"column\">\n\t\t\t<div class=\"elementor-widget-wrap elementor-element-populated\">\n\t\t\t\t\t\t<div class=\"elementor-element elementor-element-a899b1d elementor-arrows-position-inside elementor-pagination-position-outside elementor-widget elementor-widget-image-carousel\" data-id=\"a899b1d\" data-element_type=\"widget\" data-settings=\"{&quot;image_spacing_custom&quot;:{&quot;unit&quot;:&quot;px&quot;,&quot;size&quot;:0,&quot;sizes&quot;:[]},&quot;navigation&quot;:&quot;both&quot;,&quot;autoplay&quot;:&quot;yes&quot;,&quot;pause_on_hover&quot;:&quot;yes&quot;,&quot;pause_on_interaction&quot;:&quot;yes&quot;,&quot;autoplay_speed&quot;:5000,&quot;infinite&quot;:&quot;yes&quot;,&quot;speed&quot;:500,&quot;image_spacing_custom_tablet&quot;:{&quot;unit&quot;:&quot;px&quot;,&quot;size&quot;:&quot;&quot;,&quot;sizes&quot;:[]},&quot;image_spacing_custom_mobile&quot;:{&quot;unit&quot;:&quot;px&quot;,&quot;size&quot;:&quot;&quot;,&quot;sizes&quot;:[]}}\" data-widget_type=\"image-carousel.default\">\n\t\t\t\t<div class=\"elementor-widget-container\">\n\t\t\t\t\t\t\t<div class=\"elementor-image-carousel-wrapper swiper\" role=\"region\" aria-roledescription=\"carousel\" aria-label=\"Carrousel d\u2019images\" dir=\"ltr\">\n\t\t\t<div class=\"elementor-image-carousel swiper-wrapper\" aria-live=\"off\">\n\t\t\t\t\t\t\t\t<div class=\"swiper-slide\" role=\"group\" aria-roledescription=\"slide\" aria-label=\"1 sur 8\"><figure class=\"swiper-slide-inner\"><img decoding=\"async\" class=\"swiper-slide-image\" src=\"https:\/\/elanjardin.fr\/wp-content\/uploads\/elementor\/thumbs\/AB-p8p8kumk28ist8ydxtym0dzpsvwodh39ctyr1x0cl0.png\" alt=\"AB\" \/><\/figure><\/div><div class=\"swiper-slide\" role=\"group\" aria-roledescription=\"slide\" aria-label=\"2 sur 8\"><figure class=\"swiper-slide-inner\"><img decoding=\"async\" class=\"swiper-slide-image\" src=\"https:\/\/elanjardin.fr\/wp-content\/uploads\/elementor\/thumbs\/Bresse-HauteSeille-p8p8led61r9tl25pqkhryr0e9z7dv49mfjny4q73ge.jpg\" alt=\"Bresse HauteSeille\" \/><\/figure><\/div><div class=\"swiper-slide\" role=\"group\" aria-roledescription=\"slide\" aria-label=\"3 sur 8\"><figure class=\"swiper-slide-inner\"><img decoding=\"async\" class=\"swiper-slide-image\" src=\"https:\/\/elanjardin.fr\/wp-content\/uploads\/elementor\/thumbs\/Coorace-scaled-p8p8llvvkfk45xusinqsip43126bkp3h4kvtyxvxci.jpg\" alt=\"Coorace\" \/><\/figure><\/div><div class=\"swiper-slide\" role=\"group\" aria-roledescription=\"slide\" aria-label=\"4 sur 8\"><figure class=\"swiper-slide-inner\"><img decoding=\"async\" class=\"swiper-slide-image\" src=\"https:\/\/elanjardin.fr\/wp-content\/uploads\/elementor\/thumbs\/Franche-Comte\u0301-p8p8mb9ioyiuvetxegppw0pj2gp8ciw882hxxeuax4.jpg\" alt=\"Franche-Comte\u0301\" \/><\/figure><\/div><div class=\"swiper-slide\" role=\"group\" aria-roledescription=\"slide\" aria-label=\"5 sur 8\"><figure class=\"swiper-slide-inner\"><img decoding=\"async\" class=\"swiper-slide-image\" src=\"https:\/\/elanjardin.fr\/wp-content\/uploads\/elementor\/thumbs\/Ville-de-Lons-p8p8ncv2abybrtbbawysnr7ytvjwwf1hp8ld4hakik.png\" alt=\"Ville de Lons\" \/><\/figure><\/div><div class=\"swiper-slide\" role=\"group\" aria-roledescription=\"slide\" aria-label=\"6 sur 8\"><figure class=\"swiper-slide-inner\"><img decoding=\"async\" class=\"swiper-slide-image\" src=\"https:\/\/elanjardin.fr\/wp-content\/uploads\/elementor\/thumbs\/1200px-Logo_De\u0301partement_Jura_2015.svg-p8p8nwlo9upcjmin3nhym48nayume27uryak7ahb8y.png\" alt=\"1200px-Logo_De\u0301partement_Jura_2015.svg\" \/><\/figure><\/div><div class=\"swiper-slide\" role=\"group\" aria-roledescription=\"slide\" aria-label=\"7 sur 8\"><figure class=\"swiper-slide-inner\"><img decoding=\"async\" class=\"swiper-slide-image\" src=\"https:\/\/elanjardin.fr\/wp-content\/uploads\/elementor\/thumbs\/Logo_de_la_Re\u0301publique_franc\u0327aise_1999.svg_-p8p8oeglvpdso7sp7d7vfhqelaelgb6r6eosbjqt4g.png\" alt=\"Logo_de_la_Re\u0301publique_franc\u0327aise_1999.svg_\" \/><\/figure><\/div><div class=\"swiper-slide\" role=\"group\" aria-roledescription=\"slide\" aria-label=\"8 sur 8\"><figure class=\"swiper-slide-inner\"><img decoding=\"async\" class=\"swiper-slide-image\" src=\"https:\/\/elanjardin.fr\/wp-content\/uploads\/elementor\/thumbs\/logo-canva-couleur-q7zs2gufvndpsl6n7l2pfnq879jnybrrt557t0q3bw.png\" alt=\"logo canva couleur\" \/><\/figure><\/div>\t\t\t<\/div>\n\t\t\t\t\t\t\t\t\t\t\t\t<div class=\"elementor-swiper-button elementor-swiper-button-prev\" role=\"button\" tabindex=\"0\">\n\t\t\t\t\t\t<i aria-hidden=\"true\" class=\"eicon-chevron-left\"><\/i>\t\t\t\t\t<\/div>\n\t\t\t\t\t<div class=\"elementor-swiper-button elementor-swiper-button-next\" role=\"button\" tabindex=\"0\">\n\t\t\t\t\t\t<i aria-hidden=\"true\" class=\"eicon-chevron-right\"><\/i>\t\t\t\t\t<\/div>\n\t\t\t\t\n\t\t\t\t\t\t\t\t\t<div class=\"swiper-pagination\"><\/div>\n\t\t\t\t\t\t\t\t\t<\/div>\n\t\t\t\t\t\t<\/div>\n\t\t\t\t<\/div>\n\t\t\t\t<div class=\"elementor-element elementor-element-a26f135 elementor-widget-divider--view-line elementor-widget elementor-widget-divider\" data-id=\"a26f135\" data-element_type=\"widget\" data-widget_type=\"divider.default\">\n\t\t\t\t<div class=\"elementor-widget-container\">\n\t\t\t\t\t\t\t<div class=\"elementor-divider\">\n\t\t\t<span class=\"elementor-divider-separator\">\n\t\t\t\t\t\t<\/span>\n\t\t<\/div>\n\t\t\t\t\t\t<\/div>\n\t\t\t\t<\/div>\n\t\t\t\t\t<\/div>\n\t\t<\/div>\n\t\t\t\t\t<\/div>\n\t\t<\/section>\n\t\t\t\t<\/div>\n\t\t","protected":false},"excerpt":{"rendered":"<p>L&rsquo;accueil des salari\u00e9s en parcours Nous accueillons et accompagnons des personnes vers un retour \u00e0 l&#8217;emploi par le biais de contrats de travail et d&rsquo;un accompagnement socio professionnel. Notre \u00e9quipe de professionnels est pr\u00e9sente pour encadrer et accompagner nos salari\u00e9s durant ces parcours. La mise en situation de travail via le mara\u00eechage ou la transformation, [&hellip;]<\/p>\n","protected":false},"author":2,"featured_media":0,"parent":0,"menu_order":0,"comment_status":"closed","ping_status":"closed","template":"","meta":{"footnotes":""},"class_list":["post-2428","page","type-page","status-publish","hentry"],"yoast_head":"<!-- This site is optimized with the Yoast SEO plugin v26.1.1 - https:\/\/yoast.com\/wordpress\/plugins\/seo\/ -->\n<title>L&#039;accueil des salari\u00e9s en parcours - Elan Jardin<\/title>\n<meta name=\"robots\" content=\"index, follow, max-snippet:-1, max-image-preview:large, max-video-preview:-1\" \/>\n<link rel=\"canonical\" href=\"https:\/\/elanjardin.fr\/index.php\/laccueil-des-salaries-en-parcours\/\" \/>\n<meta property=\"og:locale\" content=\"fr_FR\" \/>\n<meta property=\"og:type\" content=\"article\" \/>\n<meta property=\"og:title\" content=\"L&#039;accueil des salari\u00e9s en parcours - Elan Jardin\" \/>\n<meta property=\"og:description\" content=\"L&rsquo;accueil des salari\u00e9s en parcours Nous accueillons et accompagnons des personnes vers un retour \u00e0 l&#8217;emploi par le biais de contrats de travail et d&rsquo;un accompagnement socio professionnel. Notre \u00e9quipe de professionnels est pr\u00e9sente pour encadrer et accompagner nos salari\u00e9s durant ces parcours. La mise en situation de travail via le mara\u00eechage ou la transformation, [&hellip;]\" \/>\n<meta property=\"og:url\" content=\"https:\/\/elanjardin.fr\/index.php\/laccueil-des-salaries-en-parcours\/\" \/>\n<meta property=\"og:site_name\" content=\"Elan Jardin\" \/>\n<meta property=\"article:publisher\" content=\"https:\/\/www.facebook.com\/profile.php?id=100008141408170\" \/>\n<meta property=\"article:modified_time\" content=\"2023-06-15T09:44:10+00:00\" \/>\n<meta property=\"og:image\" content=\"https:\/\/elanjardin.fr\/wp-content\/uploads\/2023\/01\/Salaries-jardin-1.jpg\" \/>\n<meta name=\"twitter:card\" content=\"summary_large_image\" \/>\n<meta name=\"twitter:label1\" content=\"Dur\u00e9e de lecture estim\u00e9e\" \/>\n\t<meta name=\"twitter:data1\" content=\"4 minutes\" \/>\n<script type=\"application\/ld+json\" class=\"yoast-schema-graph\">{\"@context\":\"https:\/\/schema.org\",\"@graph\":[{\"@type\":\"WebPage\",\"@id\":\"https:\/\/elanjardin.fr\/index.php\/laccueil-des-salaries-en-parcours\/\",\"url\":\"https:\/\/elanjardin.fr\/index.php\/laccueil-des-salaries-en-parcours\/\",\"name\":\"L'accueil des salari\u00e9s en parcours - Elan Jardin\",\"isPartOf\":{\"@id\":\"https:\/\/elanjardin.fr\/#website\"},\"primaryImageOfPage\":{\"@id\":\"https:\/\/elanjardin.fr\/index.php\/laccueil-des-salaries-en-parcours\/#primaryimage\"},\"image\":{\"@id\":\"https:\/\/elanjardin.fr\/index.php\/laccueil-des-salaries-en-parcours\/#primaryimage\"},\"thumbnailUrl\":\"https:\/\/elanjardin.fr\/wp-content\/uploads\/2023\/01\/Salaries-jardin-1.jpg\",\"datePublished\":\"2023-01-25T09:29:41+00:00\",\"dateModified\":\"2023-06-15T09:44:10+00:00\",\"breadcrumb\":{\"@id\":\"https:\/\/elanjardin.fr\/index.php\/laccueil-des-salaries-en-parcours\/#breadcrumb\"},\"inLanguage\":\"fr-FR\",\"potentialAction\":[{\"@type\":\"ReadAction\",\"target\":[\"https:\/\/elanjardin.fr\/index.php\/laccueil-des-salaries-en-parcours\/\"]}]},{\"@type\":\"ImageObject\",\"inLanguage\":\"fr-FR\",\"@id\":\"https:\/\/elanjardin.fr\/index.php\/laccueil-des-salaries-en-parcours\/#primaryimage\",\"url\":\"https:\/\/elanjardin.fr\/wp-content\/uploads\/2023\/01\/Salaries-jardin-1.jpg\",\"contentUrl\":\"https:\/\/elanjardin.fr\/wp-content\/uploads\/2023\/01\/Salaries-jardin-1.jpg\",\"width\":900,\"height\":600},{\"@type\":\"BreadcrumbList\",\"@id\":\"https:\/\/elanjardin.fr\/index.php\/laccueil-des-salaries-en-parcours\/#breadcrumb\",\"itemListElement\":[{\"@type\":\"ListItem\",\"position\":1,\"name\":\"Accueil\",\"item\":\"https:\/\/elanjardin.fr\/\"},{\"@type\":\"ListItem\",\"position\":2,\"name\":\"L&rsquo;accueil des salari\u00e9s en parcours\"}]},{\"@type\":\"WebSite\",\"@id\":\"https:\/\/elanjardin.fr\/#website\",\"url\":\"https:\/\/elanjardin.fr\/\",\"name\":\"Elan Jardin\",\"description\":\"\",\"publisher\":{\"@id\":\"https:\/\/elanjardin.fr\/#organization\"},\"potentialAction\":[{\"@type\":\"SearchAction\",\"target\":{\"@type\":\"EntryPoint\",\"urlTemplate\":\"https:\/\/elanjardin.fr\/?s={search_term_string}\"},\"query-input\":{\"@type\":\"PropertyValueSpecification\",\"valueRequired\":true,\"valueName\":\"search_term_string\"}}],\"inLanguage\":\"fr-FR\"},{\"@type\":\"Organization\",\"@id\":\"https:\/\/elanjardin.fr\/#organization\",\"name\":\"ELAN JARDIN\",\"url\":\"https:\/\/elanjardin.fr\/\",\"logo\":{\"@type\":\"ImageObject\",\"inLanguage\":\"fr-FR\",\"@id\":\"https:\/\/elanjardin.fr\/#\/schema\/logo\/image\/\",\"url\":\"https:\/\/i2.wp.com\/elanjardin.fr\/wp-content\/uploads\/2021\/09\/favicon-elan-jardin.png?fit=512%2C512&ssl=1\",\"contentUrl\":\"https:\/\/i2.wp.com\/elanjardin.fr\/wp-content\/uploads\/2021\/09\/favicon-elan-jardin.png?fit=512%2C512&ssl=1\",\"width\":512,\"height\":512,\"caption\":\"ELAN JARDIN\"},\"image\":{\"@id\":\"https:\/\/elanjardin.fr\/#\/schema\/logo\/image\/\"},\"sameAs\":[\"https:\/\/www.facebook.com\/profile.php?id=100008141408170\",\"https:\/\/www.instagram.com\/elanjardin_nance\/?hl=fr\"]}]}<\/script>\n<!-- \/ Yoast SEO plugin. -->","yoast_head_json":{"title":"L'accueil des salari\u00e9s en parcours - Elan Jardin","robots":{"index":"index","follow":"follow","max-snippet":"max-snippet:-1","max-image-preview":"max-image-preview:large","max-video-preview":"max-video-preview:-1"},"canonical":"https:\/\/elanjardin.fr\/index.php\/laccueil-des-salaries-en-parcours\/","og_locale":"fr_FR","og_type":"article","og_title":"L'accueil des salari\u00e9s en parcours - Elan Jardin","og_description":"L&rsquo;accueil des salari\u00e9s en parcours Nous accueillons et accompagnons des personnes vers un retour \u00e0 l&#8217;emploi par le biais de contrats de travail et d&rsquo;un accompagnement socio professionnel. Notre \u00e9quipe de professionnels est pr\u00e9sente pour encadrer et accompagner nos salari\u00e9s durant ces parcours. La mise en situation de travail via le mara\u00eechage ou la transformation, [&hellip;]","og_url":"https:\/\/elanjardin.fr\/index.php\/laccueil-des-salaries-en-parcours\/","og_site_name":"Elan Jardin","article_publisher":"https:\/\/www.facebook.com\/profile.php?id=100008141408170","article_modified_time":"2023-06-15T09:44:10+00:00","og_image":[{"url":"https:\/\/elanjardin.fr\/wp-content\/uploads\/2023\/01\/Salaries-jardin-1.jpg","type":"","width":"","height":""}],"twitter_card":"summary_large_image","twitter_misc":{"Dur\u00e9e de lecture estim\u00e9e":"4 minutes"},"schema":{"@context":"https:\/\/schema.org","@graph":[{"@type":"WebPage","@id":"https:\/\/elanjardin.fr\/index.php\/laccueil-des-salaries-en-parcours\/","url":"https:\/\/elanjardin.fr\/index.php\/laccueil-des-salaries-en-parcours\/","name":"L'accueil des salari\u00e9s en parcours - Elan Jardin","isPartOf":{"@id":"https:\/\/elanjardin.fr\/#website"},"primaryImageOfPage":{"@id":"https:\/\/elanjardin.fr\/index.php\/laccueil-des-salaries-en-parcours\/#primaryimage"},"image":{"@id":"https:\/\/elanjardin.fr\/index.php\/laccueil-des-salaries-en-parcours\/#primaryimage"},"thumbnailUrl":"https:\/\/elanjardin.fr\/wp-content\/uploads\/2023\/01\/Salaries-jardin-1.jpg","datePublished":"2023-01-25T09:29:41+00:00","dateModified":"2023-06-15T09:44:10+00:00","breadcrumb":{"@id":"https:\/\/elanjardin.fr\/index.php\/laccueil-des-salaries-en-parcours\/#breadcrumb"},"inLanguage":"fr-FR","potentialAction":[{"@type":"ReadAction","target":["https:\/\/elanjardin.fr\/index.php\/laccueil-des-salaries-en-parcours\/"]}]},{"@type":"ImageObject","inLanguage":"fr-FR","@id":"https:\/\/elanjardin.fr\/index.php\/laccueil-des-salaries-en-parcours\/#primaryimage","url":"https:\/\/elanjardin.fr\/wp-content\/uploads\/2023\/01\/Salaries-jardin-1.jpg","contentUrl":"https:\/\/elanjardin.fr\/wp-content\/uploads\/2023\/01\/Salaries-jardin-1.jpg","width":900,"height":600},{"@type":"BreadcrumbList","@id":"https:\/\/elanjardin.fr\/index.php\/laccueil-des-salaries-en-parcours\/#breadcrumb","itemListElement":[{"@type":"ListItem","position":1,"name":"Accueil","item":"https:\/\/elanjardin.fr\/"},{"@type":"ListItem","position":2,"name":"L&rsquo;accueil des salari\u00e9s en parcours"}]},{"@type":"WebSite","@id":"https:\/\/elanjardin.fr\/#website","url":"https:\/\/elanjardin.fr\/","name":"Elan Jardin","description":"","publisher":{"@id":"https:\/\/elanjardin.fr\/#organization"},"potentialAction":[{"@type":"SearchAction","target":{"@type":"EntryPoint","urlTemplate":"https:\/\/elanjardin.fr\/?s={search_term_string}"},"query-input":{"@type":"PropertyValueSpecification","valueRequired":true,"valueName":"search_term_string"}}],"inLanguage":"fr-FR"},{"@type":"Organization","@id":"https:\/\/elanjardin.fr\/#organization","name":"ELAN JARDIN","url":"https:\/\/elanjardin.fr\/","logo":{"@type":"ImageObject","inLanguage":"fr-FR","@id":"https:\/\/elanjardin.fr\/#\/schema\/logo\/image\/","url":"https:\/\/i2.wp.com\/elanjardin.fr\/wp-content\/uploads\/2021\/09\/favicon-elan-jardin.png?fit=512%2C512&ssl=1","contentUrl":"https:\/\/i2.wp.com\/elanjardin.fr\/wp-content\/uploads\/2021\/09\/favicon-elan-jardin.png?fit=512%2C512&ssl=1","width":512,"height":512,"caption":"ELAN JARDIN"},"image":{"@id":"https:\/\/elanjardin.fr\/#\/schema\/logo\/image\/"},"sameAs":["https:\/\/www.facebook.com\/profile.php?id=100008141408170","https:\/\/www.instagram.com\/elanjardin_nance\/?hl=fr"]}]}},"_links":{"self":[{"href":"https:\/\/elanjardin.fr\/index.php\/wp-json\/wp\/v2\/pages\/2428","targetHints":{"allow":["GET"]}}],"collection":[{"href":"https:\/\/elanjardin.fr\/index.php\/wp-json\/wp\/v2\/pages"}],"about":[{"href":"https:\/\/elanjardin.fr\/index.php\/wp-json\/wp\/v2\/types\/page"}],"author":[{"embeddable":true,"href":"https:\/\/elanjardin.fr\/index.php\/wp-json\/wp\/v2\/users\/2"}],"replies":[{"embeddable":true,"href":"https:\/\/elanjardin.fr\/index.php\/wp-json\/wp\/v2\/comments?post=2428"}],"version-history":[{"count":10,"href":"https:\/\/elanjardin.fr\/index.php\/wp-json\/wp\/v2\/pages\/2428\/revisions"}],"predecessor-version":[{"id":2893,"href":"https:\/\/elanjardin.fr\/index.php\/wp-json\/wp\/v2\/pages\/2428\/revisions\/2893"}],"wp:attachment":[{"href":"https:\/\/elanjardin.fr\/index.php\/wp-json\/wp\/v2\/media?parent=2428"}],"curies":[{"name":"wp","href":"https:\/\/api.w.org\/{rel}","templated":true}]}}